{"id":240,"date":"2021-05-20T23:21:28","date_gmt":"2021-05-20T23:21:28","guid":{"rendered":"http:\/\/articulo3vespertina.com\/web\/?page_id=240"},"modified":"2023-08-22T18:14:28","modified_gmt":"2023-08-23T00:14:28","slug":"contabilidad","status":"publish","type":"page","link":"http:\/\/articulo3vespertina.com\/web\/contabilidad\/","title":{"rendered":"Contabilidad"},"content":{"rendered":"\t\t<div data-elementor-type=\"wp-page\" data-elementor-id=\"240\" class=\"elementor elementor-240\">\n\t\t\t\t\t\t<section class=\"elementor-section elementor-top-section elementor-element elementor-element-64c226e elementor-section-boxed elementor-section-height-default elementor-section-height-default\" data-id=\"64c226e\" data-element_type=\"section\">\n\t\t\t\t\t\t<div class=\"elementor-container elementor-column-gap-default\">\n\t\t\t\t\t<div class=\"elementor-column elementor-col-100 elementor-top-column elementor-element elementor-element-c7d1bb2\" data-id=\"c7d1bb2\" data-element_type=\"column\">\n\t\t\t<div class=\"elementor-widget-wrap elementor-element-populated\">\n\t\t\t\t\t\t<div class=\"elementor-element elementor-element-0182734 elementor-invisible elementor-widget elementor-widget-heading\" data-id=\"0182734\" data-element_type=\"widget\" data-settings=\"{&quot;_animation&quot;:&quot;fadeIn&quot;}\" data-widget_type=\"heading.default\">\n\t\t\t\t<div class=\"elementor-widget-container\">\n\t\t\t\t\t<h2 class=\"elementor-heading-title elementor-size-default\">Capacitaci\u00f3n para el Trabajo<\/h2>\t\t\t\t<\/div>\n\t\t\t\t<\/div>\n\t\t\t\t\t<\/div>\n\t\t<\/div>\n\t\t\t\t\t<\/div>\n\t\t<\/section>\n\t\t\t\t<section class=\"elementor-section elementor-top-section elementor-element elementor-element-534c38f elementor-section-boxed elementor-section-height-default elementor-section-height-default\" data-id=\"534c38f\" data-element_type=\"section\">\n\t\t\t\t\t\t<div class=\"elementor-container elementor-column-gap-default\">\n\t\t\t\t\t<div class=\"elementor-column elementor-col-100 elementor-top-column elementor-element elementor-element-afe8b23\" data-id=\"afe8b23\" data-element_type=\"column\">\n\t\t\t<div class=\"elementor-widget-wrap elementor-element-populated\">\n\t\t\t\t\t\t<div class=\"elementor-element elementor-element-0703c9f elementor-widget elementor-widget-eael-fancy-text\" data-id=\"0703c9f\" data-element_type=\"widget\" data-widget_type=\"eael-fancy-text.default\">\n\t\t\t\t<div class=\"elementor-widget-container\">\n\t\t\t\t\t\n\t<div  class=\"eael-fancy-text-container style-1\" data-fancy-text-id=\"0703c9f\" data-fancy-text=\"|Contabilidad\" data-fancy-text-transition-type=\"typing\" data-fancy-text-speed=\"50\" data-fancy-text-delay=\"2500\" data-fancy-text-cursor=\"yes\" data-fancy-text-loop=\"yes\" >\n\t\t\n\t\t\n\t\t\t\t\t<span id=\"eael-fancy-text-0703c9f\" class=\"eael-fancy-text-strings solid-color\">\n\t\t\t\t<noscript>\n\t\t\t\t\tContabilidad\t\t\t\t<\/noscript>\n\t\t\t<\/span>\n\t\t\n\t\t\t<\/div><!-- close .eael-fancy-text-container -->\n\n\t<div class=\"clearfix\"><\/div>\n\n\t\t\t\t\t<\/div>\n\t\t\t\t<\/div>\n\t\t\t\t\t<\/div>\n\t\t<\/div>\n\t\t\t\t\t<\/div>\n\t\t<\/section>\n\t\t\t\t<section class=\"elementor-section elementor-top-section elementor-element elementor-element-81b1f7d elementor-section-boxed elementor-section-height-default elementor-section-height-default\" data-id=\"81b1f7d\" data-element_type=\"section\">\n\t\t\t\t\t\t<div class=\"elementor-container elementor-column-gap-default\">\n\t\t\t\t\t<div class=\"elementor-column elementor-col-100 elementor-top-column elementor-element elementor-element-880183e\" data-id=\"880183e\" data-element_type=\"column\">\n\t\t\t<div class=\"elementor-widget-wrap elementor-element-populated\">\n\t\t\t\t\t\t<div class=\"elementor-element elementor-element-616cccd elementor-widget elementor-widget-image-box\" data-id=\"616cccd\" data-element_type=\"widget\" data-widget_type=\"image-box.default\">\n\t\t\t\t<div class=\"elementor-widget-container\">\n\t\t\t\t\t<div class=\"elementor-image-box-wrapper\"><div class=\"elementor-image-box-content\"><h3 class=\"elementor-image-box-title\">Mtra. Elpidia Azuara Nieto<\/h3><p class=\"elementor-image-box-description\">\u00a1Hola!\nYo imparto la capacitaci\u00f3n de contabilidad., soy licenciada en administraci\u00f3n de empresas con maestr\u00eda en administraci\u00f3n \u00e1rea organizaci\u00f3n.\nLa contabilidad es muy amplia, aqu\u00ed s\u00f3lo vemos las nociones b\u00e1sicas que te permitir\u00e1n encontrar empleo al terminar el bachillerato o continuar con tus estudios superiores.\nEs una de las capacitaciones m\u00e1s econ\u00f3micas, lo \u00fanico que necesitas es el deseo de aprender.\nSi eliges esta capacitaci\u00f3n o quedas inscrito en ella, puedes estar seguro que encontrar\u00e1s un ambiente de respeto y confianza.\nNo le temas a los n\u00fameros, t\u00fa tienes la capacidad para lograr todo lo quieras siempre y cuando te lo propongas.\n\u00a1bienvenido!<\/p><\/div><\/div>\t\t\t\t<\/div>\n\t\t\t\t<\/div>\n\t\t\t\t\t<\/div>\n\t\t<\/div>\n\t\t\t\t\t<\/div>\n\t\t<\/section>\n\t\t\t\t<section class=\"elementor-section elementor-top-section elementor-element elementor-element-d0b7aeb elementor-section-boxed elementor-section-height-default elementor-section-height-default\" data-id=\"d0b7aeb\" data-element_type=\"section\">\n\t\t\t\t\t\t<div class=\"elementor-container elementor-column-gap-default\">\n\t\t\t\t\t<div class=\"elementor-column elementor-col-100 elementor-top-column elementor-element elementor-element-0dfc668\" data-id=\"0dfc668\" data-element_type=\"column\">\n\t\t\t<div class=\"elementor-widget-wrap elementor-element-populated\">\n\t\t\t\t\t\t<div class=\"elementor-element elementor-element-3adc71c elementor-invisible elementor-widget elementor-widget-heading\" data-id=\"3adc71c\" data-element_type=\"widget\" data-settings=\"{&quot;_animation&quot;:&quot;fadeIn&quot;}\" data-widget_type=\"heading.default\">\n\t\t\t\t<div class=\"elementor-widget-container\">\n\t\t\t\t\t<h2 class=\"elementor-heading-title elementor-size-default\">Mapa de la Capacitaci\u00f3n<\/h2>\t\t\t\t<\/div>\n\t\t\t\t<\/div>\n\t\t\t\t\t<\/div>\n\t\t<\/div>\n\t\t\t\t\t<\/div>\n\t\t<\/section>\n\t\t\t\t<section class=\"elementor-section elementor-top-section elementor-element elementor-element-e12f930 elementor-section-boxed elementor-section-height-default elementor-section-height-default\" data-id=\"e12f930\" data-element_type=\"section\">\n\t\t\t\t\t\t<div class=\"elementor-container elementor-column-gap-default\">\n\t\t\t\t\t<div class=\"elementor-column elementor-col-100 elementor-top-column elementor-element elementor-element-cd7df16\" data-id=\"cd7df16\" data-element_type=\"column\">\n\t\t\t<div class=\"elementor-widget-wrap elementor-element-populated\">\n\t\t\t\t\t\t<div class=\"elementor-element elementor-element-028eac5 elementor-tabs-view-horizontal elementor-widget elementor-widget-tabs\" data-id=\"028eac5\" data-element_type=\"widget\" data-widget_type=\"tabs.default\">\n\t\t\t\t<div class=\"elementor-widget-container\">\n\t\t\t\t\t\t\t<div class=\"elementor-tabs\">\n\t\t\t<div class=\"elementor-tabs-wrapper\" role=\"tablist\" >\n\t\t\t\t\t\t\t\t\t<div id=\"elementor-tab-title-2681\" class=\"elementor-tab-title elementor-tab-desktop-title\" aria-selected=\"true\" data-tab=\"1\" role=\"tab\" tabindex=\"0\" aria-controls=\"elementor-tab-content-2681\" aria-expanded=\"false\">Tercer Semestre<\/div>\n\t\t\t\t\t\t\t\t\t<div id=\"elementor-tab-title-2682\" class=\"elementor-tab-title elementor-tab-desktop-title\" aria-selected=\"false\" data-tab=\"2\" role=\"tab\" tabindex=\"-1\" aria-controls=\"elementor-tab-content-2682\" aria-expanded=\"false\">Cuarto Semestre<\/div>\n\t\t\t\t\t\t\t\t\t<div id=\"elementor-tab-title-2683\" class=\"elementor-tab-title elementor-tab-desktop-title\" aria-selected=\"false\" data-tab=\"3\" role=\"tab\" tabindex=\"-1\" aria-controls=\"elementor-tab-content-2683\" aria-expanded=\"false\">Quinto Semestre<\/div>\n\t\t\t\t\t\t\t\t\t<div id=\"elementor-tab-title-2684\" class=\"elementor-tab-title elementor-tab-desktop-title\" aria-selected=\"false\" data-tab=\"4\" role=\"tab\" tabindex=\"-1\" aria-controls=\"elementor-tab-content-2684\" aria-expanded=\"false\">Sexto Semestre<\/div>\n\t\t\t\t\t\t\t<\/div>\n\t\t\t<div class=\"elementor-tabs-content-wrapper\" role=\"tablist\" aria-orientation=\"vertical\">\n\t\t\t\t\t\t\t\t\t<div class=\"elementor-tab-title elementor-tab-mobile-title\" aria-selected=\"true\" data-tab=\"1\" role=\"tab\" tabindex=\"0\" aria-controls=\"elementor-tab-content-2681\" aria-expanded=\"false\">Tercer Semestre<\/div>\n\t\t\t\t\t<div id=\"elementor-tab-content-2681\" class=\"elementor-tab-content elementor-clearfix\" data-tab=\"1\" role=\"tabpanel\" aria-labelledby=\"elementor-tab-title-2681\" tabindex=\"0\" hidden=\"false\"><p style=\"text-align: left;\">BLOQUE I.\u00a0 CONCEPTOS B\u00c1SICOS<\/p><ol><li style=\"text-align: left;\">Campo de la Contadur\u00eda<\/li><li style=\"text-align: left;\">Concepto y objetivos de la Contabilidad<\/li><li style=\"text-align: left;\">La entidad econ\u00f3mica y su clasificaci\u00f3n<\/li><li style=\"text-align: left;\">La cuenta y la partida doble<\/li><\/ol><p style=\"text-align: left;\">BLOQUE II. M\u00c9TODO DE INVENTARIOS ANAL\u00cdTICOS<\/p><ol><li style=\"text-align: left;\">Ventajas y desventajas del m\u00e9todo anal\u00edtico<\/li><li style=\"text-align: left;\">Registro de operaciones\u00a0\u00a0<\/li><\/ol><p style=\"text-align: left;\">BLOQUE III. ESTUDIO CONTABLE DEL IMPUESTO AL VALOR AGREGADO (I.V.A.)<\/p><ol><li style=\"text-align: left;\">Disposiciones legales generales<\/li><li style=\"text-align: left;\">Cuentas que se emplean<\/li><\/ol><\/div>\n\t\t\t\t\t\t\t\t\t<div class=\"elementor-tab-title elementor-tab-mobile-title\" aria-selected=\"false\" data-tab=\"2\" role=\"tab\" tabindex=\"-1\" aria-controls=\"elementor-tab-content-2682\" aria-expanded=\"false\">Cuarto Semestre<\/div>\n\t\t\t\t\t<div id=\"elementor-tab-content-2682\" class=\"elementor-tab-content elementor-clearfix\" data-tab=\"2\" role=\"tabpanel\" aria-labelledby=\"elementor-tab-title-2682\" tabindex=\"0\" hidden=\"hidden\"><p style=\"text-align: left;\">BLOQUE I.\u00a0 LIBROS CONTABLES<\/p><ol><li style=\"text-align: left;\">Disposiciones legales<\/li><li style=\"text-align: left;\">Libros obligatorios<ol><li style=\"text-align: left;\">Libro Diario<\/li><\/ol><\/li><li style=\"text-align: left;\">Libro Mayor\u00a0 \u00a0\u00a0<\/li><\/ol><p style=\"text-align: left;\">BLOQUE II. LOS ESTADOS FINANCIEROS FUNDAMENTALES\u00a0\u00a0\u00a0\u00a0\u00a0<\/p><ol style=\"text-align: left;\"><li style=\"text-align: left;\">Estado de Resultados o Estado de P\u00e9rdidas y Ganancias<ol><li style=\"text-align: left;\">Primera parte del Estado de Resultados<\/li><li style=\"text-align: left;\">Segunda parte del Estado de Resultados<\/li><li style=\"text-align: left;\">Formas de presentaci\u00f3n<\/li><\/ol><\/li><li style=\"text-align: left;\">Balance General o Estado de Situaci\u00f3n Financiera<ol><li style=\"text-align: left;\">Formas de presentaci\u00f3n<\/li><\/ol><\/li><\/ol><p style=\"text-align: left;\">BLOQUE III. \u00a0AJUSTES A LAS CUENTAS<\/p><ol><li style=\"text-align: left;\">Necesidades de los ajustes<\/li><li style=\"text-align: left;\">Ajustes m\u00e1s usuales<ol><li style=\"text-align: left;\">Ajustes a la cuenta de caja<\/li><li style=\"text-align: left;\">Ajustes a los inventarios de mercanc\u00edas<\/li><li style=\"text-align: left;\">Por depreciaci\u00f3n y amortizaci\u00f3n<\/li><li style=\"text-align: left;\">A los activos y pasivos diferidos<\/li><li style=\"text-align: left;\">Por acumulaci\u00f3n de activo y pasivo<\/li><\/ol><\/li><\/ol><\/div>\n\t\t\t\t\t\t\t\t\t<div class=\"elementor-tab-title elementor-tab-mobile-title\" aria-selected=\"false\" data-tab=\"3\" role=\"tab\" tabindex=\"-1\" aria-controls=\"elementor-tab-content-2683\" aria-expanded=\"false\">Quinto Semestre<\/div>\n\t\t\t\t\t<div id=\"elementor-tab-content-2683\" class=\"elementor-tab-content elementor-clearfix\" data-tab=\"3\" role=\"tabpanel\" aria-labelledby=\"elementor-tab-title-2683\" tabindex=\"0\" hidden=\"hidden\"><p style=\"text-align: left;\">BLOQUE I.\u00a0 CIERRE DE CUENTAS\u00a0\u00a0\u00a0\u00a0<\/p><ol><li style=\"text-align: left;\">Proceso de cierre<ol><li style=\"text-align: left;\">Cuentas de Resultados<\/li><li style=\"text-align: left;\">Cuentas de Balance<\/li><\/ol><\/li><\/ol><p style=\"text-align: left;\">BLOQUE II.\u00a0 SISTEMA DE P\u00d3LIZAS\u00a0 \u00a0\u00a0<\/p><ol><li style=\"text-align: left;\">Tipos de p\u00f3lizas\u00a0 \u00a0 \u00a0 \u00a0 \u00a0 \u00a0 \u00a0 \u00a0\u00a0<\/li><li style=\"text-align: left;\">Sistema de p\u00f3lizas con inventarios anal\u00edticos<\/li><li style=\"text-align: left;\">Sistema de p\u00f3lizas con inventarios perpetuos\u00a0<\/li><\/ol><\/div>\n\t\t\t\t\t\t\t\t\t<div class=\"elementor-tab-title elementor-tab-mobile-title\" aria-selected=\"false\" data-tab=\"4\" role=\"tab\" tabindex=\"-1\" aria-controls=\"elementor-tab-content-2684\" aria-expanded=\"false\">Sexto Semestre<\/div>\n\t\t\t\t\t<div id=\"elementor-tab-content-2684\" class=\"elementor-tab-content elementor-clearfix\" data-tab=\"4\" role=\"tabpanel\" aria-labelledby=\"elementor-tab-title-2684\" tabindex=\"0\" hidden=\"hidden\"><p style=\"text-align: left;\">BLOQUE I.\u00a0 TEOR\u00cdA TRIBUTARIA.<\/p><ol style=\"text-align: left;\"><li>Tipos de personas<\/li><li>Jerarqu\u00eda de las leyes fiscales<\/li><li>Sujetos de la relaci\u00f3n tributaria<\/li><li>Obligaciones del contribuyente<\/li><li>Derechos de los contribuyentes<\/li><li>Facultades de las autoridades fiscales<\/li><li>Reg\u00edmenes fiscales<\/li><\/ol><p style=\"text-align: left;\">BLOQUE II. IMPUESTO SOBRE LA RENTA.<\/p><ol><li style=\"text-align: left;\">Personas morales<\/li><li style=\"text-align: left;\">Personas f\u00edsicas<ol><li style=\"text-align: left;\">Ingresos por actividad empresarial<\/li><li style=\"text-align: left;\">Ingresos por honorarios<\/li><li style=\"text-align: left;\">Ingresos por arrendamiento<\/li><li style=\"text-align: left;\">Ingresos por salarios<\/li><\/ol><\/li><\/ol><p style=\"text-align: left;\">BLOQUE III. DETERMINACI\u00d3N DE LA N\u00d3MINA.<\/p><ol><li style=\"text-align: left;\">Retenci\u00f3n de Impuesto Sobre la Renta (ISR)<\/li><li style=\"text-align: left;\">Seguro social<\/li><li style=\"text-align: left;\">Sistema de Ahorro para el Retiro (SAR)<\/li><\/ol><\/div>\n\t\t\t\t\t\t\t<\/div>\n\t\t<\/div>\n\t\t\t\t\t\t<\/div>\n\t\t\t\t<\/div>\n\t\t\t\t\t<\/div>\n\t\t<\/div>\n\t\t\t\t\t<\/div>\n\t\t<\/section>\n\t\t\t\t<section class=\"elementor-section elementor-top-section elementor-element elementor-element-8f9ab61 elementor-section-boxed elementor-section-height-default elementor-section-height-default\" data-id=\"8f9ab61\" data-element_type=\"section\">\n\t\t\t\t\t\t<div class=\"elementor-container elementor-column-gap-default\">\n\t\t\t\t\t<div class=\"elementor-column elementor-col-100 elementor-top-column elementor-element elementor-element-4d3885a\" data-id=\"4d3885a\" data-element_type=\"column\">\n\t\t\t<div class=\"elementor-widget-wrap elementor-element-populated\">\n\t\t\t\t\t\t<div class=\"elementor-element elementor-element-74c2696 elementor-invisible elementor-widget elementor-widget-heading\" data-id=\"74c2696\" data-element_type=\"widget\" data-settings=\"{&quot;_animation&quot;:&quot;fadeIn&quot;}\" data-widget_type=\"heading.default\">\n\t\t\t\t<div class=\"elementor-widget-container\">\n\t\t\t\t\t<h2 class=\"elementor-heading-title elementor-size-default\">Trabajos Realizados<\/h2>\t\t\t\t<\/div>\n\t\t\t\t<\/div>\n\t\t\t\t\t<\/div>\n\t\t<\/div>\n\t\t\t\t\t<\/div>\n\t\t<\/section>\n\t\t\t\t<section class=\"elementor-section elementor-top-section elementor-element elementor-element-414f78e elementor-section-boxed elementor-section-height-default elementor-section-height-default\" data-id=\"414f78e\" data-element_type=\"section\">\n\t\t\t\t\t\t<div class=\"elementor-container elementor-column-gap-default\">\n\t\t\t\t\t<div class=\"elementor-column elementor-col-100 elementor-top-column elementor-element elementor-element-78b2060\" data-id=\"78b2060\" data-element_type=\"column\">\n\t\t\t<div class=\"elementor-widget-wrap elementor-element-populated\">\n\t\t\t\t\t\t<div class=\"elementor-element elementor-element-7835668 elementor-arrows-position-inside elementor-pagination-position-outside elementor-widget elementor-widget-image-carousel\" data-id=\"7835668\" data-element_type=\"widget\" data-settings=\"{&quot;navigation&quot;:&quot;both&quot;,&quot;autoplay&quot;:&quot;yes&quot;,&quot;pause_on_hover&quot;:&quot;yes&quot;,&quot;pause_on_interaction&quot;:&quot;yes&quot;,&quot;autoplay_speed&quot;:5000,&quot;infinite&quot;:&quot;yes&quot;,&quot;speed&quot;:500}\" data-widget_type=\"image-carousel.default\">\n\t\t\t\t<div class=\"elementor-widget-container\">\n\t\t\t\t\t\t\t<div class=\"elementor-image-carousel-wrapper swiper\" role=\"region\" aria-roledescription=\"carousel\" aria-label=\"Carrusel de im\u00e1genes\" dir=\"ltr\">\n\t\t\t<div class=\"elementor-image-carousel swiper-wrapper\" aria-live=\"off\">\n\t\t\t\t\t\t\t\t<div class=\"swiper-slide\" role=\"group\" aria-roledescription=\"slide\" aria-label=\"1 de 6\"><figure class=\"swiper-slide-inner\"><img decoding=\"async\" class=\"swiper-slide-image\" src=\"http:\/\/articulo3vespertina.com\/web\/wp-content\/uploads\/2021\/05\/Conoce-ma\u0301s-de-nuestro-trabajo-6_Cpt-Contabilidad-259x300.jpg\" alt=\"Conoce ma\u0301s de nuestro trabajo 6_Cpt Contabilidad\" \/><\/figure><\/div><div class=\"swiper-slide\" role=\"group\" aria-roledescription=\"slide\" aria-label=\"2 de 6\"><figure class=\"swiper-slide-inner\"><img decoding=\"async\" class=\"swiper-slide-image\" src=\"http:\/\/articulo3vespertina.com\/web\/wp-content\/uploads\/2021\/05\/Conoce-ma\u0301s-de-nuestro-trabajo-5_Cpt-Contabilidad-215x300.jpg\" alt=\"Conoce ma\u0301s de nuestro trabajo 5_Cpt Contabilidad\" \/><\/figure><\/div><div class=\"swiper-slide\" role=\"group\" aria-roledescription=\"slide\" aria-label=\"3 de 6\"><figure class=\"swiper-slide-inner\"><img decoding=\"async\" class=\"swiper-slide-image\" src=\"http:\/\/articulo3vespertina.com\/web\/wp-content\/uploads\/2021\/05\/Conoce-ma\u0301s-de-nuestro-trabajo-4_Cpt-Contabilidad-219x300.jpg\" alt=\"Conoce ma\u0301s de nuestro trabajo 4_Cpt Contabilidad\" \/><\/figure><\/div><div class=\"swiper-slide\" role=\"group\" aria-roledescription=\"slide\" aria-label=\"4 de 6\"><figure class=\"swiper-slide-inner\"><img decoding=\"async\" class=\"swiper-slide-image\" src=\"http:\/\/articulo3vespertina.com\/web\/wp-content\/uploads\/2021\/05\/Conoce-ma\u0301s-de-nuestro-trabajo-3_Cpt-Contabilidad-300x210.jpg\" alt=\"Conoce ma\u0301s de nuestro trabajo 3_Cpt Contabilidad\" \/><\/figure><\/div><div class=\"swiper-slide\" role=\"group\" aria-roledescription=\"slide\" aria-label=\"5 de 6\"><figure class=\"swiper-slide-inner\"><img decoding=\"async\" class=\"swiper-slide-image\" src=\"http:\/\/articulo3vespertina.com\/web\/wp-content\/uploads\/2021\/05\/Conoce-ma\u0301s-de-nuestro-trabajo-1-y-2_Cpt-Contabilidad-2-222x300.jpg\" alt=\"Conoce ma\u0301s de nuestro trabajo 1 y 2_Cpt Contabilidad-2\" \/><\/figure><\/div><div class=\"swiper-slide\" role=\"group\" aria-roledescription=\"slide\" aria-label=\"6 de 6\"><figure class=\"swiper-slide-inner\"><img decoding=\"async\" class=\"swiper-slide-image\" src=\"http:\/\/articulo3vespertina.com\/web\/wp-content\/uploads\/2021\/05\/Conoce-ma\u0301s-de-nuestro-trabajo-1-y-2_Cpt-Contabilidad-1-287x300.jpg\" alt=\"Conoce ma\u0301s de nuestro trabajo 1 y 2_Cpt Contabilidad-1\" \/><\/figure><\/div>\t\t\t<\/div>\n\t\t\t\t\t\t\t\t\t\t\t\t<div class=\"elementor-swiper-button elementor-swiper-button-prev\" role=\"button\" tabindex=\"0\">\n\t\t\t\t\t\t<i aria-hidden=\"true\" class=\"eicon-chevron-left\"><\/i>\t\t\t\t\t<\/div>\n\t\t\t\t\t<div class=\"elementor-swiper-button elementor-swiper-button-next\" role=\"button\" tabindex=\"0\">\n\t\t\t\t\t\t<i aria-hidden=\"true\" class=\"eicon-chevron-right\"><\/i>\t\t\t\t\t<\/div>\n\t\t\t\t\n\t\t\t\t\t\t\t\t\t<div class=\"swiper-pagination\"><\/div>\n\t\t\t\t\t\t\t\t\t<\/div>\n\t\t\t\t\t\t<\/div>\n\t\t\t\t<\/div>\n\t\t\t\t\t<\/div>\n\t\t<\/div>\n\t\t\t\t\t<\/div>\n\t\t<\/section>\n\t\t\t\t<section class=\"elementor-section elementor-top-section elementor-element elementor-element-fe9d6ef elementor-section-boxed elementor-section-height-default elementor-section-height-default\" data-id=\"fe9d6ef\" data-element_type=\"section\">\n\t\t\t\t\t\t<div class=\"elementor-container elementor-column-gap-default\">\n\t\t\t\t\t<div class=\"elementor-column elementor-col-100 elementor-top-column elementor-element elementor-element-6c674ef\" data-id=\"6c674ef\" data-element_type=\"column\">\n\t\t\t<div class=\"elementor-widget-wrap elementor-element-populated\">\n\t\t\t\t\t\t<div class=\"elementor-element elementor-element-8c09d83 elementor-widget elementor-widget-counter\" data-id=\"8c09d83\" data-element_type=\"widget\" data-widget_type=\"counter.default\">\n\t\t\t\t<div class=\"elementor-widget-container\">\n\t\t\t\t\t\t\t<div class=\"elementor-counter\">\n\t\t\t<div class=\"elementor-counter-title\">Alumnos Aceptados<\/div>\t\t\t<div class=\"elementor-counter-number-wrapper\">\n\t\t\t\t<span class=\"elementor-counter-number-prefix\"><\/span>\n\t\t\t\t<span class=\"elementor-counter-number\" data-duration=\"2000\" data-to-value=\"22\" data-from-value=\"0\" data-delimiter=\",\">0<\/span>\n\t\t\t\t<span class=\"elementor-counter-number-suffix\"><\/span>\n\t\t\t<\/div>\n\t\t<\/div>\n\t\t\t\t\t\t<\/div>\n\t\t\t\t<\/div>\n\t\t\t\t\t<\/div>\n\t\t<\/div>\n\t\t\t\t\t<\/div>\n\t\t<\/section>\n\t\t\t\t<\/div>\n\t\t","protected":false},"excerpt":{"rendered":"<p>Capacitaci\u00f3n para el Trabajo Contabilidad Mtra. Elpidia Azuara Nieto \u00a1Hola! Yo imparto la capacitaci\u00f3n de contabilidad., soy licenciada en administraci\u00f3n &hellip; <\/p>\n","protected":false},"author":1,"featured_media":0,"parent":0,"menu_order":0,"comment_status":"closed","ping_status":"closed","template":"","meta":{"footnotes":""},"class_list":["post-240","page","type-page","status-publish","hentry"],"_links":{"self":[{"href":"http:\/\/articulo3vespertina.com\/web\/wp-json\/wp\/v2\/pages\/240","targetHints":{"allow":["GET"]}}],"collection":[{"href":"http:\/\/articulo3vespertina.com\/web\/wp-json\/wp\/v2\/pages"}],"about":[{"href":"http:\/\/articulo3vespertina.com\/web\/wp-json\/wp\/v2\/types\/page"}],"author":[{"embeddable":true,"href":"http:\/\/articulo3vespertina.com\/web\/wp-json\/wp\/v2\/users\/1"}],"replies":[{"embeddable":true,"href":"http:\/\/articulo3vespertina.com\/web\/wp-json\/wp\/v2\/comments?post=240"}],"version-history":[{"count":18,"href":"http:\/\/articulo3vespertina.com\/web\/wp-json\/wp\/v2\/pages\/240\/revisions"}],"predecessor-version":[{"id":1106,"href":"http:\/\/articulo3vespertina.com\/web\/wp-json\/wp\/v2\/pages\/240\/revisions\/1106"}],"wp:attachment":[{"href":"http:\/\/articulo3vespertina.com\/web\/wp-json\/wp\/v2\/media?parent=240"}],"curies":[{"name":"wp","href":"https:\/\/api.w.org\/{rel}","templated":true}]}}